{"id":7,"date":"2014-12-03T19:44:49","date_gmt":"2014-12-03T19:44:49","guid":{"rendered":"https:\/\/www.ferien-am-brombachsee.com\/?page_id=7"},"modified":"2014-12-03T20:20:52","modified_gmt":"2014-12-03T20:20:52","slug":"kontakt","status":"publish","type":"page","link":"https:\/\/www.ferien-am-brombachsee.com\/?page_id=7","title":{"rendered":"Kontakt"},"content":{"rendered":"<p>&nbsp;<\/p>\n<p><strong>Besuchen Sie uns im sch\u00f6nen Fr\u00e4nkischen Seenland&#8230;<\/strong><\/p>\n<p>&nbsp;<\/p>\n<p>sie finden uns unter folgender Adresse:<\/p>\n<p>&nbsp;<\/p>\n<p>Landgasthof Sch\u00e4ferhof<\/p>\n<p>Freiherr-von-Harsdorf-Str. 18<\/p>\n<p>91174 Enderndorf<\/p>\n<p>&nbsp;<\/p>\n<p>Reservierungen per Telefon unter 09175 78778 und per Email unter <a href=\"mailto:info@landgasthof-schaeferhof.de\">info@landgasthof-schaeferhof.de<\/a><\/p>\n<p>&nbsp;<\/p>\n","protected":false},"excerpt":{"rendered":"<p>&nbsp; Besuchen Sie uns im sch\u00f6nen Fr\u00e4nkischen Seenland&#8230; &nbsp; sie finden uns unter folgender Adresse: &nbsp; Landgasthof Sch\u00e4ferhof Freiherr-von-Harsdorf-Str. 18 91174 Enderndorf &nbsp; Reservierungen per Telefon unter 09175 78778 und per Email unter info@landgasthof-schaeferhof.de &nbsp;<\/p>\n","protected":false},"author":1,"featured_media":0,"parent":0,"menu_order":0,"comment_status":"open","ping_status":"open","template":"page-contact.php","meta":{"footnotes":""},"class_list":["post-7","page","type-page","status-publish","hentry"],"aioseo_notices":[],"_links":{"self":[{"href":"https:\/\/www.ferien-am-brombachsee.com\/index.php?rest_route=\/wp\/v2\/pages\/7","targetHints":{"allow":["GET"]}}],"collection":[{"href":"https:\/\/www.ferien-am-brombachsee.com\/index.php?rest_route=\/wp\/v2\/pages"}],"about":[{"href":"https:\/\/www.ferien-am-brombachsee.com\/index.php?rest_route=\/wp\/v2\/types\/page"}],"author":[{"embeddable":true,"href":"https:\/\/www.ferien-am-brombachsee.com\/index.php?rest_route=\/wp\/v2\/users\/1"}],"replies":[{"embeddable":true,"href":"https:\/\/www.ferien-am-brombachsee.com\/index.php?rest_route=%2Fwp%2Fv2%2Fcomments&post=7"}],"version-history":[{"count":5,"href":"https:\/\/www.ferien-am-brombachsee.com\/index.php?rest_route=\/wp\/v2\/pages\/7\/revisions"}],"predecessor-version":[{"id":91,"href":"https:\/\/www.ferien-am-brombachsee.com\/index.php?rest_route=\/wp\/v2\/pages\/7\/revisions\/91"}],"wp:attachment":[{"href":"https:\/\/www.ferien-am-brombachsee.com\/index.php?rest_route=%2Fwp%2Fv2%2Fmedia&parent=7"}],"curies":[{"name":"wp","href":"https:\/\/api.w.org\/{rel}","templated":true}]}}